{"id":11905,"date":"2017-01-20T17:20:36","date_gmt":"2017-01-20T17:20:36","guid":{"rendered":"http:\/\/skb.cranerent.eu\/?page_id=11905"},"modified":"2020-04-27T06:44:10","modified_gmt":"2020-04-27T06:44:10","slug":"finanzbuchhaltung","status":"publish","type":"page","link":"http:\/\/skb.cranerent.eu\/?page_id=11905","title":{"rendered":"Finanzbuchhaltung"},"content":{"rendered":"<p><div class=\"fusion-fullwidth fullwidth-box fusion-builder-row-1 hundred-percent-fullwidth non-hundred-percent-height-scrolling fusion-equal-height-columns\" style=\"--awb-background-position:left top;--awb-border-radius-top-left:0px;--awb-border-radius-top-right:0px;--awb-border-radius-bottom-right:0px;--awb-border-radius-bottom-left:0px;--awb-padding-top:0px;--awb-padding-right:0px;--awb-padding-bottom:0px;--awb-padding-left:0px;--awb-border-sizes-top:0px;--awb-border-sizes-bottom:0px;--awb-flex-wrap:wrap;\" ><div class=\"fusion-builder-row fusion-row\"><div class=\"fusion-layout-column fusion_builder_column fusion-builder-column-0 fusion_builder_column_1_2 1_2 fusion-one-half fusion-column-first\" style=\"--awb-padding-top:13%;--awb-padding-right:13%;--awb-padding-bottom:13%;--awb-padding-left:13%;--awb-bg-size:cover;--awb-margin-bottom:0px;\"><div class=\"fusion-column-wrapper fusion-flex-column-wrapper-legacy\"><div class=\"fusion-text fusion-text-1\"><h2>Finanzbuchhaltung<\/h2>\n<\/div><div class=\"fusion-text fusion-text-2\"><p><strong>Wir k\u00fcmmern uns um Ihre Finanzbuchhaltung<\/strong><\/p>\n<p><strong>Damit Sie sich auf Ihr Tagesgesch\u00e4ft konzentrieren k\u00f6nnen<\/strong><\/p>\n<p>Die Finanzbuchhaltung bildet die Basis aller unternehmerischen Entscheidungen. Umso wichtiger ist also die sorgf\u00e4ltige und korrekte Buchung Ihrer Gesch\u00e4ftsvorf\u00e4lle. Wir beraten Sie in allen Fragen des Rechnungswesens und helfen Ihnen, eine intelligent strukturierte und transparente Buchhaltung aufzubauen: Egal, ob Sie Ihre Buchhaltung im eigenen Haus erledigen oder komplett an uns auslagern wollen.<\/p>\n<p>Dabei arbeiten wir mit modernsten Software-L\u00f6sungen, die eine effiziente und sichere Abwicklung garantieren \u2013 nat\u00fcrlich nach den Grunds\u00e4tzen zum Datenzugriff und zur Pr\u00fcfbarkeit digitaler Unterlagen. Monatliche betriebswirtschaftliche Auswertungen und Gesch\u00e4ftsanalysen bieten Ihnen dar\u00fcber hinaus ein wertvolles Informations- und Steuerungsinstrument: Anhand aktueller Kennzahlen k\u00f6nnen Abweichungen rechtzeitig erkannt und fr\u00fchzeitig gegengesteuert werden.<\/p>\n<p><strong>Unsere Dienstleistungen im Bereich Finanzbuchhaltung: (Aussschnitt)<\/strong><\/p>\n<\/div><div class=\"fusion-sep-clear\"><\/div><div class=\"fusion-separator fusion-full-width-sep\" style=\"margin-left: auto;margin-right: auto;margin-top:10px;width:100%;\"><\/div><div class=\"fusion-sep-clear\"><\/div><ul style=\"--awb-line-height:27.2px;--awb-icon-width:27.2px;--awb-icon-height:27.2px;--awb-icon-margin:11.2px;--awb-content-margin:38.4px;--awb-circlecolor:#a0ce4e;--awb-circle-yes-font-size:14.08px;\" class=\"fusion-checklist fusion-checklist-1 fusion-checklist-default type-icons\"><li class=\"fusion-li-item\" style=\"\"><span class=\"icon-wrapper circle-yes\"><i class=\"fusion-li-icon fa fa-angle-right\" aria-hidden=\"true\"><\/i><\/span><div class=\"fusion-li-item-content\">\n<p>Einrichtung und F\u00fchrung der Finanzbuchhaltung inklusive Anlagenbuchhaltung<\/p>\n<\/div><\/li><li class=\"fusion-li-item\" style=\"\"><span class=\"icon-wrapper circle-yes\"><i class=\"fusion-li-icon fa fa-angle-right\" aria-hidden=\"true\"><\/i><\/span><div class=\"fusion-li-item-content\">\n<p>Monatliche betriebswirtschaftliche Auswertungen und Gesch\u00e4ftsanalysen<\/p>\n<\/div><\/li><li class=\"fusion-li-item\" style=\"\"><span class=\"icon-wrapper circle-yes\"><i class=\"fusion-li-icon fa fa-angle-right\" aria-hidden=\"true\"><\/i><\/span><div class=\"fusion-li-item-content\">\n<p>Kostenstellenauswertung<\/p>\n<\/div><\/li><\/ul><div class=\"fusion-sep-clear\"><\/div><div class=\"fusion-separator fusion-full-width-sep\" style=\"margin-left: auto;margin-right: auto;margin-top:60px;width:100%;\"><\/div><div class=\"fusion-sep-clear\"><\/div><div class=\"fusion-clearfix\"><\/div><\/div><\/div><div class=\"fusion-layout-column fusion_builder_column fusion-builder-column-1 fusion_builder_column_1_2 1_2 fusion-one-half fusion-column-last fusion-column-inner-bg-wrapper\" style=\"--awb-inner-bg-image:url(&#039;http:\/\/skb.cranerent.eu\/wp-content\/uploads\/2017\/11\/Fotolia_168734245_L-1024x732.jpg&#039;);--awb-inner-bg-position:center center;--awb-inner-bg-size:cover;--awb-margin-bottom:0px;\"><span class=\"fusion-column-inner-bg hover-type-none\"><a class=\"fusion-column-anchor\" href=\"https:\/\/avada.theme-fusion.com\/medical\/make-appointment\/\"><span class=\"fusion-column-inner-bg-image\"><\/span><\/a><\/span><div class=\"fusion-column-wrapper fusion-flex-column-wrapper-legacy fusion-empty-column-bg-image fusion-column-has-bg-image\" data-bg-url=\"http:\/\/skb.cranerent.eu\/wp-content\/uploads\/2017\/11\/Fotolia_168734245_L-1024x732.jpg\"><img decoding=\"async\" class=\"fusion-empty-dims-img-placeholder fusion-no-large-visibility\" src=\"data:image\/svg+xml,%3Csvg%20xmlns%3D%27http%3A%2F%2Fwww.w3.org%2F2000%2Fsvg%27%20width%3D%271024%27%20height%3D%27732%27%20viewBox%3D%270%200%201024%20732%27%3E%3Crect%20width%3D%271024%27%20height%3D%27732%27%20fill-opacity%3D%220%22%2F%3E%3C%2Fsvg%3E\"><div class=\"fusion-clearfix\"><\/div><\/div><\/div><\/div><\/div><div class=\"fusion-fullwidth fullwidth-box fusion-builder-row-2 hundred-percent-fullwidth non-hundred-percent-height-scrolling fusion-equal-height-columns\" style=\"--awb-background-position:left top;--awb-border-radius-top-left:0px;--awb-border-radius-top-right:0px;--awb-border-radius-bottom-right:0px;--awb-border-radius-bottom-left:0px;--awb-padding-top:0px;--awb-padding-right:0px;--awb-padding-bottom:0px;--awb-padding-left:0px;--awb-border-sizes-top:0px;--awb-border-sizes-bottom:0px;--awb-flex-wrap:wrap;\" ><div class=\"fusion-builder-row fusion-row\"><div class=\"fusion-layout-column fusion_builder_column fusion-builder-column-2 fusion_builder_column_1_4 1_4 fusion-one-fourth fusion-column-first\" style=\"--awb-padding-top:6%;--awb-padding-right:6%;--awb-padding-bottom:6%;--awb-padding-left:6%;--awb-bg-color:#3bafbf;--awb-bg-color-hover:#3bafbf;--awb-bg-size:cover;--awb-margin-bottom:0px;\"><div class=\"fusion-column-wrapper fusion-flex-column-wrapper-legacy\"><div class=\"fusion-counters-box counters-box row fusion-clearfix fusion-columns-1\"><\/div><div class=\"clearfix\"><\/div><div class=\"fusion-clearfix\"><\/div><\/div><\/div><div class=\"fusion-layout-column fusion_builder_column fusion-builder-column-3 fusion_builder_column_1_4 1_4 fusion-one-fourth\" style=\"--awb-padding-top:6%;--awb-padding-right:6%;--awb-padding-bottom:6%;--awb-padding-left:6%;--awb-bg-color:#3697c3;--awb-bg-color-hover:#3697c3;--awb-bg-size:cover;--awb-margin-bottom:0px;\"><div class=\"fusion-column-wrapper fusion-flex-column-wrapper-legacy\"><div class=\"fusion-counters-box counters-box row fusion-clearfix fusion-columns-1\"><\/div><div class=\"clearfix\"><\/div><div class=\"fusion-clearfix\"><\/div><\/div><\/div><\/div><\/div><\/p>\n","protected":false},"excerpt":{"rendered":"","protected":false},"author":1,"featured_media":0,"parent":0,"menu_order":0,"comment_status":"closed","ping_status":"closed","template":"100-width.php","meta":{"footnotes":""},"_links":{"self":[{"href":"http:\/\/skb.cranerent.eu\/index.php?rest_route=\/wp\/v2\/pages\/11905"}],"collection":[{"href":"http:\/\/skb.cranerent.eu\/index.php?rest_route=\/wp\/v2\/pages"}],"about":[{"href":"http:\/\/skb.cranerent.eu\/index.php?rest_route=\/wp\/v2\/types\/page"}],"author":[{"embeddable":true,"href":"http:\/\/skb.cranerent.eu\/index.php?rest_route=\/wp\/v2\/users\/1"}],"replies":[{"embeddable":true,"href":"http:\/\/skb.cranerent.eu\/index.php?rest_route=%2Fwp%2Fv2%2Fcomments&post=11905"}],"version-history":[{"count":13,"href":"http:\/\/skb.cranerent.eu\/index.php?rest_route=\/wp\/v2\/pages\/11905\/revisions"}],"predecessor-version":[{"id":12231,"href":"http:\/\/skb.cranerent.eu\/index.php?rest_route=\/wp\/v2\/pages\/11905\/revisions\/12231"}],"wp:attachment":[{"href":"http:\/\/skb.cranerent.eu\/index.php?rest_route=%2Fwp%2Fv2%2Fmedia&parent=11905"}],"curies":[{"name":"wp","href":"https:\/\/api.w.org\/{rel}","templated":true}]}}