{"id":12050,"date":"2017-06-29T13:57:49","date_gmt":"2017-06-29T13:57:49","guid":{"rendered":"http:\/\/skb.cranerent.eu\/?page_id=12050"},"modified":"2020-04-27T06:44:10","modified_gmt":"2020-04-27T06:44:10","slug":"aktuelles","status":"publish","type":"page","link":"http:\/\/skb.cranerent.eu\/?page_id=12050","title":{"rendered":"Aktuelles"},"content":{"rendered":"<p><div class=\"fusion-fullwidth fullwidth-box fusion-builder-row-1 nonhundred-percent-fullwidth non-hundred-percent-height-scrolling\" style=\"--awb-border-radius-top-left:0px;--awb-border-radius-top-right:0px;--awb-border-radius-bottom-right:0px;--awb-border-radius-bottom-left:0px;--awb-padding-top:20px;--awb-padding-bottom:20px;--awb-flex-wrap:wrap;\" ><div class=\"fusion-builder-row fusion-row\"><div class=\"fusion-layout-column fusion_builder_column fusion-builder-column-0 fusion_builder_column_1_6 1_6 fusion-one-sixth fusion-column-first fusion-no-small-visibility\" style=\"--awb-bg-size:cover;width:13.3333%; margin-right: 4%;\"><div class=\"fusion-column-wrapper fusion-flex-column-wrapper-legacy\"><div class=\"fusion-sep-clear\"><\/div><div class=\"fusion-separator fusion-full-width-sep\" style=\"margin-left: auto;margin-right: auto;width:100%;\"><\/div><div class=\"fusion-sep-clear\"><\/div><div class=\"fusion-clearfix\"><\/div><\/div><\/div><div class=\"fusion-layout-column fusion_builder_column fusion-builder-column-1 fusion_builder_column_2_3 2_3 fusion-two-third\" style=\"--awb-bg-size:cover;width:65.3333%; margin-right: 4%;\"><div class=\"fusion-column-wrapper fusion-flex-column-wrapper-legacy\"><div class=\"fusion-text fusion-text-1\"><h2 style=\"text-align: center; color: #3bafbf;\">AKTUELLES<\/h2>\n<\/div><div class=\"fusion-sep-clear\"><\/div><div class=\"fusion-separator\" style=\"margin-left: auto;margin-right: auto;margin-top:0px;margin-bottom:30px;width:100%;max-width:280px;\"><div class=\"fusion-separator-border sep-single sep-solid\" style=\"--awb-height:20px;--awb-amount:20px;--awb-sep-color:#d1d1d1;border-color:#d1d1d1;border-top-width:2px;\"><\/div><\/div><div class=\"fusion-sep-clear\"><\/div><div class=\"fusion-text fusion-text-2\"><h3 style=\"text-align: center;\">Interessante und aktuelle Themen aus dem Steuer-, Wirtschafts-, Arbeits- und Sozialrecht<\/h3>\n<\/div><div class=\"fusion-sep-clear\"><\/div><div class=\"fusion-separator fusion-full-width-sep\" style=\"margin-left: auto;margin-right: auto;margin-top:30px;width:100%;\"><\/div><div class=\"fusion-sep-clear\"><\/div><div class=\"fusion-clearfix\"><\/div><\/div><\/div><div class=\"fusion-layout-column fusion_builder_column fusion-builder-column-2 fusion_builder_column_1_6 1_6 fusion-one-sixth fusion-column-last fusion-no-small-visibility\" style=\"--awb-bg-size:cover;width:13.3333%;\"><div class=\"fusion-column-wrapper fusion-flex-column-wrapper-legacy\"><div class=\"fusion-sep-clear\"><\/div><div class=\"fusion-separator fusion-full-width-sep\" style=\"margin-left: auto;margin-right: auto;width:100%;\"><\/div><div class=\"fusion-sep-clear\"><\/div><div class=\"fusion-clearfix\"><\/div><\/div><\/div><\/div><\/div><div class=\"fusion-fullwidth fullwidth-box fusion-builder-row-2 nonhundred-percent-fullwidth non-hundred-percent-height-scrolling\" style=\"--awb-border-radius-top-left:0px;--awb-border-radius-top-right:0px;--awb-border-radius-bottom-right:0px;--awb-border-radius-bottom-left:0px;--awb-padding-top:20px;--awb-padding-bottom:20px;--awb-flex-wrap:wrap;\" ><div class=\"fusion-builder-row fusion-row\"><div class=\"fusion-layout-column fusion_builder_column fusion-builder-column-3 fusion_builder_column_1_1 1_1 fusion-one-full fusion-column-first fusion-column-last\" style=\"--awb-bg-size:cover;\"><div class=\"fusion-column-wrapper fusion-flex-column-wrapper-legacy\"><div class=\"fusion-text fusion-text-3\"><h2 style=\"text-align: center; color: #3bafbf;\">OKTOBER<\/h2>\n<\/div><div class=\"fusion-sep-clear\"><\/div><div class=\"fusion-separator\" style=\"margin-left: auto;margin-right: auto;margin-top:0px;margin-bottom:30px;width:100%;max-width:280px;\"><div class=\"fusion-separator-border sep-single sep-solid\" style=\"--awb-height:20px;--awb-amount:20px;--awb-sep-color:#d10000;border-color:#d10000;border-top-width:2px;\"><\/div><\/div><div class=\"fusion-sep-clear\"><\/div><div class=\"accordian fusion-accordian\" style=\"--awb-border-size:1px;--awb-icon-size:16px;--awb-content-font-size:13px;--awb-icon-alignment:left;--awb-hover-color:#f9f9fb;--awb-border-color:#e2e2e2;--awb-background-color:#ffffff;--awb-divider-color:#e0dede;--awb-divider-hover-color:#e0dede;--awb-icon-color:#ffffff;--awb-title-color:#333333;--awb-content-color:#747474;--awb-icon-box-color:#333333;--awb-toggle-hover-accent-color:#a0ce4e;--awb-title-font-family:Arial, Helvetica, sans-serif;--awb-title-font-weight:400;--awb-title-font-style:normal;--awb-title-font-size:13px;--awb-title-letter-spacing:0px;--awb-title-line-height:1.54;--awb-content-font-family:Arial, Helvetica, sans-serif;--awb-content-font-style:normal;--awb-content-font-weight:400;\"><div class=\"panel-group fusion-toggle-icon-boxed\" id=\"accordion-12050-1\"><div class=\"fusion-panel panel-default panel-4947b0fcb573d0bb8 fusion-toggle-has-divider\"><div class=\"panel-heading\"><h4 class=\"panel-title toggle\" id=\"toggle_4947b0fcb573d0bb8\"><a aria-expanded=\"false\" aria-controls=\"4947b0fcb573d0bb8\" role=\"button\" data-toggle=\"collapse\" data-parent=\"#accordion-12050-1\" data-target=\"#4947b0fcb573d0bb8\" href=\"#4947b0fcb573d0bb8\"><span class=\"fusion-toggle-icon-wrapper\" aria-hidden=\"true\"><i class=\"fa-fusion-box active-icon awb-icon-minus\" aria-hidden=\"true\"><\/i><i class=\"fa-fusion-box inactive-icon awb-icon-plus\" aria-hidden=\"true\"><\/i><\/span><span class=\"fusion-toggle-heading\">01.10.2017 GWG-Grenzen 2018<\/span><\/a><\/h4><\/div><div id=\"4947b0fcb573d0bb8\" class=\"panel-collapse collapse \" aria-labelledby=\"toggle_4947b0fcb573d0bb8\"><div class=\"panel-body toggle-content fusion-clearfix\">\n<p>Die Anhebung der Grenze f\u00fcr Geringwertige Wirtschaftsg\u00fcter soll f\u00fcr solche Investitionen gelten, die nach dem 31.12.2017 get\u00e4tigt werden (\u00a7 52 Abs. 12 Satz 3 EStG). Insofern sollten Steuerpflichtige, die Anschaffungen planen, die voraussichtlich zwischen 410 EUR (alte Grenze) und\u00a0800 EUR (neue Grenze) liegen, pr\u00fcfen, ob die Investition nicht bis 2018 verschoben werden kann, damit eine sofortige Geltendmachung erfolgen kann.<\/p>\n<\/div><\/div><\/div><\/div><\/div><div class=\"fusion-text fusion-text-4\"><h2 style=\"text-align: center; color: #3bafbf;\">SEPTEMBER<\/h2>\n<\/div><div class=\"fusion-sep-clear\"><\/div><div class=\"fusion-separator\" style=\"margin-left: auto;margin-right: auto;margin-top:0px;margin-bottom:30px;width:100%;max-width:280px;\"><div class=\"fusion-separator-border sep-single sep-solid\" style=\"--awb-height:20px;--awb-amount:20px;--awb-sep-color:#d10000;border-color:#d10000;border-top-width:2px;\"><\/div><\/div><div class=\"fusion-sep-clear\"><\/div><div class=\"accordian fusion-accordian\" style=\"--awb-border-size:1px;--awb-icon-size:16px;--awb-content-font-size:13px;--awb-icon-alignment:left;--awb-hover-color:#f9f9fb;--awb-border-color:#e2e2e2;--awb-background-color:#ffffff;--awb-divider-color:#e0dede;--awb-divider-hover-color:#e0dede;--awb-icon-color:#ffffff;--awb-title-color:#333333;--awb-content-color:#747474;--awb-icon-box-color:#333333;--awb-toggle-hover-accent-color:#a0ce4e;--awb-title-font-family:Arial, Helvetica, sans-serif;--awb-title-font-weight:400;--awb-title-font-style:normal;--awb-title-font-size:13px;--awb-title-letter-spacing:0px;--awb-title-line-height:1.54;--awb-content-font-family:Arial, Helvetica, sans-serif;--awb-content-font-style:normal;--awb-content-font-weight:400;\"><div class=\"panel-group fusion-toggle-icon-boxed\" id=\"accordion-12050-2\"><div class=\"fusion-panel panel-default panel-65e19551a38baf899 fusion-toggle-has-divider\"><div class=\"panel-heading\"><h4 class=\"panel-title toggle\" id=\"toggle_65e19551a38baf899\"><a aria-expanded=\"false\" aria-controls=\"65e19551a38baf899\" role=\"button\" data-toggle=\"collapse\" data-parent=\"#accordion-12050-2\" data-target=\"#65e19551a38baf899\" href=\"#65e19551a38baf899\"><span class=\"fusion-toggle-icon-wrapper\" aria-hidden=\"true\"><i class=\"fa-fusion-box active-icon awb-icon-minus\" aria-hidden=\"true\"><\/i><i class=\"fa-fusion-box inactive-icon awb-icon-plus\" aria-hidden=\"true\"><\/i><\/span><span class=\"fusion-toggle-heading\">05.09.2017 Zuzahlung des Arbeitnehmers f\u00fcr einen Firmenwagen<\/span><\/a><\/h4><\/div><div id=\"65e19551a38baf899\" class=\"panel-collapse collapse \" aria-labelledby=\"toggle_65e19551a38baf899\"><div class=\"panel-body toggle-content fusion-clearfix\">\n<p>Die \u00dcberlassung eines betrieblichen Pkw durch den Arbeitgeber an den Arbeitnehmer f\u00fcr dessen Privatnutzung f\u00fchrt zu einer Bereicherung des Arbeitnehmers und damit zum Zufluss von Arbeitslohn. Steht der Vorteil dem Grunde nach fest, ist dieser entweder nach der 1-%-Regelung oder nach der Fahrtenbuchmethode zu bewerten und zu versteuern.<\/p>\n<p>Leistet der Arbeitnehmer f\u00fcr die private Nutzung eines Dienstwagens ein Nutzungsentgelt an den Arbeitgeber, mindert dies den Wert des geldwerten Vorteils aus der Nutzungs\u00fcberlassung. Ebenso ist es, wenn der Arbeitnehmer im Rahmen der privaten Nutzung einzelne (individuelle) Kosten (z. B. Kraftstoffkosten) des betrieblichen Pkw tr\u00e4gt.<\/p>\n<p>Der Umstand, dass der geldwerte Vorteil aus der Kfz-\u00dcberlassung nach der 1-%-Regelung ermittelt worden ist, steht dem nach einem Urteil des Bundesfinanzhofs (BFH) vom 30.11.2016 nicht mehr entgegen. Der BFH war bislang davon ausgegangen, dass vom Arbeitnehmer selbst getragene Kfz-Kosten nicht steuerlich ber\u00fccksichtigt werden k\u00f6nnen, wenn der Nutzungsvorteil pauschal nach der 1-%-Regelung (anstelle der sog. Fahrtenbuchmethode) bemessen wird.<\/p>\n<p>Der Wert des geldwerten Vorteils aus der Dienstwagen\u00fcberlassung kann jedoch durch Zuzahlungen des Arbeitnehmers lediglich bis zu einem Betrag von 0 \u20ac gemindert werden. Ein geldwerter &#8222;Nachteil&#8220; kann aus der \u00dcberlassung eines Dienstwagens zur Privatnutzung nicht entstehen, und zwar auch dann nicht, wenn die Eigenleistungen des Arbeitnehmers den Wert der privaten Dienstwagennutzung und der Nutzung des Fahrzeugs zu Fahrten zwischen Wohnung und Arbeitsst\u00e4tte \u00fcbersteigen. Ein verbleibender &#8222;Restbetrag&#8220; bleibt daher ohne steuerliche Auswirkungen und kann auch nicht als Werbungskosten bei den Eink\u00fcnften aus nicht selbstst\u00e4ndiger Arbeit abgezogen werden.<\/p>\n<\/div><\/div><\/div><div class=\"fusion-panel panel-default panel-c1b5f7dc881a602ce fusion-toggle-has-divider\"><div class=\"panel-heading\"><h4 class=\"panel-title toggle\" id=\"toggle_c1b5f7dc881a602ce\"><a aria-expanded=\"false\" aria-controls=\"c1b5f7dc881a602ce\" role=\"button\" data-toggle=\"collapse\" data-parent=\"#accordion-12050-2\" data-target=\"#c1b5f7dc881a602ce\" href=\"#c1b5f7dc881a602ce\"><span class=\"fusion-toggle-icon-wrapper\" aria-hidden=\"true\"><i class=\"fa-fusion-box active-icon awb-icon-minus\" aria-hidden=\"true\"><\/i><i class=\"fa-fusion-box inactive-icon awb-icon-plus\" aria-hidden=\"true\"><\/i><\/span><span class=\"fusion-toggle-heading\">18.09.2017 Ferienjobs als kurzfristige Minijobs<\/span><\/a><\/h4><\/div><div id=\"c1b5f7dc881a602ce\" class=\"panel-collapse collapse \" aria-labelledby=\"toggle_c1b5f7dc881a602ce\"><div class=\"panel-body toggle-content fusion-clearfix\">\n<p>&#8222;Kurzfristige Minijobs&#8220; sind begehrt bei Arbeitnehmern, insbesondere auch bei Ferienjobbern und deren Arbeitgebern. Sie sind nicht &#8211; wie die regul\u00e4ren Minijobs &#8211; auf 450 \u20ac im Monat begrenzt; auf den Verdienst kommt es bei einem kurzfristigen Minijob nicht an. Sie sind in der Kranken-, Pflege-, Renten- und Arbeitslosenversicherung versicherungs- und beitragsfrei. Arbeitgeber und Aushilfen zahlen also keine Sozialversicherungsbeitr\u00e4ge.<\/p>\n<p>Daf\u00fcr gelten f\u00fcr diese Minijobber andere Regeln: Ein kurzfristiger Minijob ist von vornherein auf maximal 3 Monate begrenzt, wenn Ihr Minijobber an mindestens 5 Tagen pro Woche arbeitet, oder 70 Arbeitstage, wenn er regelm\u00e4\u00dfig weniger als an 5 Tagen w\u00f6chentlich besch\u00e4ftigt ist. Diese Zeitgrenzen gelten generell f\u00fcr alle kurzfristigen Minijobs innerhalb eines Kalenderjahres,<b>aber auch f\u00fcr jahres\u00fcbergreifende Besch\u00e4ftigungen,<\/b> die von vornherein auf 3 Monate oder 70 Arbeitstage befristet sind.<\/p>\n<\/div><\/div><\/div><\/div><\/div><div class=\"fusion-clearfix\"><\/div><\/div><\/div><\/div><\/div><div class=\"fusion-fullwidth fullwidth-box fusion-builder-row-3 nonhundred-percent-fullwidth non-hundred-percent-height-scrolling\" style=\"--awb-border-radius-top-left:0px;--awb-border-radius-top-right:0px;--awb-border-radius-bottom-right:0px;--awb-border-radius-bottom-left:0px;--awb-padding-top:20px;--awb-padding-bottom:20px;--awb-flex-wrap:wrap;\" ><div class=\"fusion-builder-row fusion-row\"><\/div><\/div><\/p>\n","protected":false},"excerpt":{"rendered":"","protected":false},"author":1,"featured_media":0,"parent":0,"menu_order":0,"comment_status":"closed","ping_status":"closed","template":"100-width.php","meta":{"footnotes":""},"_links":{"self":[{"href":"http:\/\/skb.cranerent.eu\/index.php?rest_route=\/wp\/v2\/pages\/12050"}],"collection":[{"href":"http:\/\/skb.cranerent.eu\/index.php?rest_route=\/wp\/v2\/pages"}],"about":[{"href":"http:\/\/skb.cranerent.eu\/index.php?rest_route=\/wp\/v2\/types\/page"}],"author":[{"embeddable":true,"href":"http:\/\/skb.cranerent.eu\/index.php?rest_route=\/wp\/v2\/users\/1"}],"replies":[{"embeddable":true,"href":"http:\/\/skb.cranerent.eu\/index.php?rest_route=%2Fwp%2Fv2%2Fcomments&post=12050"}],"version-history":[{"count":31,"href":"http:\/\/skb.cranerent.eu\/index.php?rest_route=\/wp\/v2\/pages\/12050\/revisions"}],"predecessor-version":[{"id":12195,"href":"http:\/\/skb.cranerent.eu\/index.php?rest_route=\/wp\/v2\/pages\/12050\/revisions\/12195"}],"wp:attachment":[{"href":"http:\/\/skb.cranerent.eu\/index.php?rest_route=%2Fwp%2Fv2%2Fmedia&parent=12050"}],"curies":[{"name":"wp","href":"https:\/\/api.w.org\/{rel}","templated":true}]}}