{"id":12106,"date":"2017-06-29T15:49:09","date_gmt":"2017-06-29T15:49:09","guid":{"rendered":"http:\/\/skb.cranerent.eu\/?page_id=12106"},"modified":"2020-04-27T06:44:10","modified_gmt":"2020-04-27T06:44:10","slug":"wirtschaftliche-beratung","status":"publish","type":"page","link":"http:\/\/skb.cranerent.eu\/?page_id=12106","title":{"rendered":"Wirtschaftliche Beratung"},"content":{"rendered":"<p><div class=\"fusion-fullwidth fullwidth-box fusion-builder-row-1 hundred-percent-fullwidth non-hundred-percent-height-scrolling fusion-equal-height-columns\" style=\"--awb-background-position:left top;--awb-border-radius-top-left:0px;--awb-border-radius-top-right:0px;--awb-border-radius-bottom-right:0px;--awb-border-radius-bottom-left:0px;--awb-padding-top:0px;--awb-padding-right:0px;--awb-padding-bottom:0px;--awb-padding-left:0px;--awb-border-sizes-top:0px;--awb-border-sizes-bottom:0px;--awb-flex-wrap:wrap;\" ><div class=\"fusion-builder-row fusion-row\"><div class=\"fusion-layout-column fusion_builder_column fusion-builder-column-0 fusion_builder_column_1_2 1_2 fusion-one-half fusion-column-first fusion-no-small-visibility fusion-column-inner-bg-wrapper\" style=\"--awb-inner-bg-image:url(&#039;http:\/\/skb.cranerent.eu\/wp-content\/uploads\/2017\/11\/Fotolia_168734245_L-1024x732.jpg&#039;);--awb-inner-bg-size:cover;--awb-margin-bottom:0px;\"><span class=\"fusion-column-inner-bg hover-type-none\"><a class=\"fusion-column-anchor\" href=\"https:\/\/avada.theme-fusion.com\/medical\/make-appointment\/\"><span class=\"fusion-column-inner-bg-image\"><\/span><\/a><\/span><div class=\"fusion-column-wrapper fusion-flex-column-wrapper-legacy fusion-empty-column-bg-image fusion-column-has-bg-image\" data-bg-url=\"http:\/\/skb.cranerent.eu\/wp-content\/uploads\/2017\/11\/Fotolia_168734245_L-1024x732.jpg\"><img decoding=\"async\" class=\"fusion-empty-dims-img-placeholder fusion-no-large-visibility\" src=\"data:image\/svg+xml,%3Csvg%20xmlns%3D%27http%3A%2F%2Fwww.w3.org%2F2000%2Fsvg%27%20width%3D%271024%27%20height%3D%27732%27%20viewBox%3D%270%200%201024%20732%27%3E%3Crect%20width%3D%271024%27%20height%3D%27732%27%20fill-opacity%3D%220%22%2F%3E%3C%2Fsvg%3E\"><div class=\"fusion-clearfix\"><\/div><\/div><\/div><div class=\"fusion-layout-column fusion_builder_column fusion-builder-column-1 fusion_builder_column_1_2 1_2 fusion-one-half fusion-column-last\" style=\"--awb-padding-top:13%;--awb-padding-right:13%;--awb-padding-bottom:13%;--awb-padding-left:13%;--awb-bg-position:center center;--awb-bg-size:cover;--awb-margin-bottom:0px;\"><div class=\"fusion-column-wrapper fusion-flex-column-wrapper-legacy\"><div class=\"fusion-text fusion-text-1\"><h2>Wirtschaftliche Beratung<\/h2>\n<\/div><div class=\"fusion-text fusion-text-2\"><p><strong>F\u00fcr jeden Mandanten die passende L\u00f6sung<\/strong><\/p>\n<p>Unternehmen, Selbstst\u00e4ndige und Freiberufler aller Branchen sowie Privatpersonen<br \/>\nOb Handwerk oder Dienstleister, aus der Finanz- und Versicherungsbranche oder Industrie: Unser Buchf\u00fchrungsb\u00fcro bietet Ihnen alle unternehmensrelevanten Beratungsleistungen aus einer Hand. Wir sind der ideale Partner f\u00fcr Unternehmer, Selbstst\u00e4ndige und Freiberufler aller Branchen und begleiten sie dabei \u00fcber ihren kompletten Unternehmenszyklus: von der Gr\u00fcndung \u00fcber die Expansion.<\/p>\n<h4><\/h4>\n<h4>Rechtsberatung und Steuerberatung durch Kooperation<\/h4>\n<p class=\"unten\">Dar\u00fcber hinaus bieten wir unseren Mandanten in Kooperation mit unseren 2 Steuerberatern, s<a name=\"_GoBack\"><\/a>teuerberatende L\u00f6sungen in allen Gebieten des Steuerrechts an.<\/p>\n<\/div><div class=\"fusion-sep-clear\"><\/div><div class=\"fusion-separator fusion-full-width-sep\" style=\"margin-left: auto;margin-right: auto;margin-top:60px;width:100%;\"><\/div><div class=\"fusion-sep-clear\"><\/div><div class=\"fusion-clearfix\"><\/div><\/div><\/div><\/div><\/div><div class=\"fusion-fullwidth fullwidth-box fusion-builder-row-2 hundred-percent-fullwidth non-hundred-percent-height-scrolling fusion-equal-height-columns\" style=\"--awb-background-position:left top;--awb-border-radius-top-left:0px;--awb-border-radius-top-right:0px;--awb-border-radius-bottom-right:0px;--awb-border-radius-bottom-left:0px;--awb-padding-top:0px;--awb-padding-right:0px;--awb-padding-bottom:0px;--awb-padding-left:0px;--awb-border-sizes-top:0px;--awb-border-sizes-bottom:0px;--awb-flex-wrap:wrap;\" ><div class=\"fusion-builder-row fusion-row\"><div class=\"fusion-layout-column fusion_builder_column fusion-builder-column-2 fusion_builder_column_1_2 1_2 fusion-one-half fusion-column-first\" style=\"--awb-padding-top:6%;--awb-padding-right:6%;--awb-padding-bottom:6%;--awb-padding-left:6%;--awb-bg-color:#ffffff;--awb-bg-color-hover:#ffffff;--awb-bg-size:cover;--awb-margin-bottom:0px;\"><div class=\"fusion-column-wrapper fusion-flex-column-wrapper-legacy\"><div class=\"fusion-clearfix\"><\/div><\/div><\/div><div class=\"fusion-layout-column fusion_builder_column fusion-builder-column-3 fusion_builder_column_1_4 1_4 fusion-one-fourth\" style=\"--awb-padding-top:6%;--awb-padding-right:6%;--awb-padding-bottom:6%;--awb-padding-left:6%;--awb-bg-color:#3697c3;--awb-bg-color-hover:#3697c3;--awb-bg-size:cover;--awb-margin-bottom:0px;\"><div class=\"fusion-column-wrapper fusion-flex-column-wrapper-legacy\"><div class=\"fusion-counters-box counters-box row fusion-clearfix fusion-columns-1\"><\/div><div class=\"clearfix\"><\/div><div class=\"fusion-clearfix\"><\/div><\/div><\/div><div class=\"fusion-layout-column fusion_builder_column fusion-builder-column-4 fusion_builder_column_1_4 1_4 fusion-one-fourth fusion-column-last\" style=\"--awb-padding-top:6%;--awb-padding-right:6%;--awb-padding-bottom:6%;--awb-padding-left:6%;--awb-bg-color:#3bafbf;--awb-bg-color-hover:#3bafbf;--awb-bg-size:cover;--awb-margin-bottom:0px;\"><div class=\"fusion-column-wrapper fusion-flex-column-wrapper-legacy\"><div class=\"fusion-counters-box counters-box row fusion-clearfix fusion-columns-1\"><\/div><div class=\"clearfix\"><\/div><div class=\"fusion-clearfix\"><\/div><\/div><\/div><\/div><\/div><\/p>\n","protected":false},"excerpt":{"rendered":"","protected":false},"author":1,"featured_media":0,"parent":0,"menu_order":0,"comment_status":"closed","ping_status":"closed","template":"100-width.php","meta":{"footnotes":""},"_links":{"self":[{"href":"http:\/\/skb.cranerent.eu\/index.php?rest_route=\/wp\/v2\/pages\/12106"}],"collection":[{"href":"http:\/\/skb.cranerent.eu\/index.php?rest_route=\/wp\/v2\/pages"}],"about":[{"href":"http:\/\/skb.cranerent.eu\/index.php?rest_route=\/wp\/v2\/types\/page"}],"author":[{"embeddable":true,"href":"http:\/\/skb.cranerent.eu\/index.php?rest_route=\/wp\/v2\/users\/1"}],"replies":[{"embeddable":true,"href":"http:\/\/skb.cranerent.eu\/index.php?rest_route=%2Fwp%2Fv2%2Fcomments&post=12106"}],"version-history":[{"count":11,"href":"http:\/\/skb.cranerent.eu\/index.php?rest_route=\/wp\/v2\/pages\/12106\/revisions"}],"predecessor-version":[{"id":12246,"href":"http:\/\/skb.cranerent.eu\/index.php?rest_route=\/wp\/v2\/pages\/12106\/revisions\/12246"}],"wp:attachment":[{"href":"http:\/\/skb.cranerent.eu\/index.php?rest_route=%2Fwp%2Fv2%2Fmedia&parent=12106"}],"curies":[{"name":"wp","href":"https:\/\/api.w.org\/{rel}","templated":true}]}}