{"id":12115,"date":"2017-06-29T16:02:06","date_gmt":"2017-06-29T16:02:06","guid":{"rendered":"http:\/\/skb.cranerent.eu\/?page_id=12115"},"modified":"2022-12-13T08:52:02","modified_gmt":"2022-12-13T08:52:02","slug":"karriere","status":"publish","type":"page","link":"http:\/\/skb.cranerent.eu\/?page_id=12115","title":{"rendered":"Karriere"},"content":{"rendered":"<p><div class=\"fusion-fullwidth fullwidth-box fusion-builder-row-1 hundred-percent-fullwidth non-hundred-percent-height-scrolling fusion-equal-height-columns\" style=\"--awb-background-position:left top;--awb-border-radius-top-left:0px;--awb-border-radius-top-right:0px;--awb-border-radius-bottom-right:0px;--awb-border-radius-bottom-left:0px;--awb-padding-top:0px;--awb-padding-right:0px;--awb-padding-bottom:0px;--awb-padding-left:0px;--awb-border-sizes-top:0px;--awb-border-sizes-bottom:0px;--awb-flex-wrap:wrap;\" ><div class=\"fusion-builder-row fusion-row\"><div class=\"fusion-layout-column fusion_builder_column fusion-builder-column-0 fusion_builder_column_1_2 1_2 fusion-one-half fusion-column-first fusion-no-small-visibility fusion-column-inner-bg-wrapper\" style=\"--awb-inner-bg-image:url(&#039;http:\/\/skb.cranerent.eu\/wp-content\/uploads\/2017\/11\/Fotolia_162760156_L-1024x732.jpg&#039;);--awb-inner-bg-position:left center;--awb-inner-bg-size:cover;--awb-margin-bottom:0px;\"><span class=\"fusion-column-inner-bg hover-type-none\"><a class=\"fusion-column-anchor\" href=\"https:\/\/avada.theme-fusion.com\/medical\/make-appointment\/\"><span class=\"fusion-column-inner-bg-image\"><\/span><\/a><\/span><div class=\"fusion-column-wrapper fusion-flex-column-wrapper-legacy fusion-empty-column-bg-image fusion-column-has-bg-image\" data-bg-url=\"http:\/\/skb.cranerent.eu\/wp-content\/uploads\/2017\/11\/Fotolia_162760156_L-1024x732.jpg\"><img decoding=\"async\" class=\"fusion-empty-dims-img-placeholder fusion-no-large-visibility\" src=\"data:image\/svg+xml,%3Csvg%20xmlns%3D%27http%3A%2F%2Fwww.w3.org%2F2000%2Fsvg%27%20width%3D%271024%27%20height%3D%27732%27%20viewBox%3D%270%200%201024%20732%27%3E%3Crect%20width%3D%271024%27%20height%3D%27732%27%20fill-opacity%3D%220%22%2F%3E%3C%2Fsvg%3E\"><div class=\"fusion-clearfix\"><\/div><\/div><\/div><div class=\"fusion-layout-column fusion_builder_column fusion-builder-column-1 fusion_builder_column_1_2 1_2 fusion-one-half fusion-column-last\" style=\"--awb-padding-top:13%;--awb-padding-right:13%;--awb-padding-bottom:13%;--awb-padding-left:13%;--awb-bg-position:center center;--awb-bg-size:cover;--awb-margin-bottom:0px;\"><div class=\"fusion-column-wrapper fusion-flex-column-wrapper-legacy\"><div class=\"fusion-text fusion-text-1\"><h2>Stellenangebote<\/h2>\n<\/div><div class=\"fusion-text fusion-text-2\"><p style=\"text-align: left;\"><strong>*Der Erfolg eines Unternehmens liegt in der Summe der Erfolge seiner Mitarbeiter *<\/strong><\/p>\n<p style=\"text-align: left;\">Als mittelst\u00e4ndisch Familiengef\u00fchrtes Unternehmen mit potenziellem Wachstumskurs ben\u00f6tigen wir aber immer wieder qualifizierte und motivierte Mitarbeiterinnen und Mitarbeiter.<br \/>\nSuchen sie eine neuen Perspektive? M\u00f6chten Sie sich gerne weiterentwickeln ? Dann freuen wir uns auf Ihre aussagekr\u00e4ftige Bewerbung.<br \/>\nMitarbeiterzufriedenheit steht bei uns an erster Stelle. Wir bieten Ihnen ein anspruchsvollen und modernen Arbeitsplatz.<\/p>\n<\/div><div class=\"fusion-text fusion-text-3\"><h3>Offene Stellenangebote<\/h3>\n<\/div><div class=\"fusion-sep-clear\"><\/div><div class=\"fusion-separator fusion-full-width-sep\" style=\"margin-left: auto;margin-right: auto;margin-top:60px;width:100%;\"><div class=\"fusion-separator-border sep-single sep-solid\" style=\"--awb-height:20px;--awb-amount:20px;border-color:#e0dede;border-top-width:1px;\"><\/div><\/div><div class=\"fusion-sep-clear\"><\/div><div class=\"accordian fusion-accordian\" style=\"--awb-border-size:1px;--awb-icon-size:16px;--awb-content-font-size:13px;--awb-icon-alignment:left;--awb-hover-color:#f9f9fb;--awb-border-color:#e2e2e2;--awb-background-color:#ffffff;--awb-divider-color:#e0dede;--awb-divider-hover-color:#e0dede;--awb-icon-color:#ffffff;--awb-title-color:#333333;--awb-content-color:#747474;--awb-icon-box-color:#333333;--awb-toggle-hover-accent-color:#a0ce4e;--awb-title-font-family:Arial, Helvetica, sans-serif;--awb-title-font-weight:400;--awb-title-font-style:normal;--awb-title-font-size:13px;--awb-title-letter-spacing:0px;--awb-title-line-height:1.54;--awb-content-font-family:Arial, Helvetica, sans-serif;--awb-content-font-style:normal;--awb-content-font-weight:400;\"><div class=\"panel-group fusion-toggle-icon-boxed\" id=\"accordion-12115-1\"><div class=\"fusion-panel panel-default panel-af0277ea7562122de fusion-toggle-no-divider\"><div class=\"panel-heading\"><h4 class=\"panel-title toggle\" id=\"toggle_af0277ea7562122de\"><a aria-expanded=\"false\" aria-controls=\"af0277ea7562122de\" role=\"button\" data-toggle=\"collapse\" data-parent=\"#accordion-12115-1\" data-target=\"#af0277ea7562122de\" href=\"#af0277ea7562122de\"><span class=\"fusion-toggle-icon-wrapper\" aria-hidden=\"true\"><i class=\"fa-fusion-box active-icon awb-icon-minus\" aria-hidden=\"true\"><\/i><i class=\"fa-fusion-box inactive-icon awb-icon-plus\" aria-hidden=\"true\"><\/i><\/span><span class=\"fusion-toggle-heading\">Steuerfachangesteller\/in \/Steuerfachwirt\/in auf 450,- \u20ac -Basis<\/span><\/a><\/h4><\/div><div id=\"af0277ea7562122de\" class=\"panel-collapse collapse \" aria-labelledby=\"toggle_af0277ea7562122de\"><div class=\"panel-body toggle-content fusion-clearfix\">\n<p>Zur Verst\u00e4rkung unseres Teams in Ravensburg suchen wir eine\/n<\/p>\n<p>Steuerfachwirt\/in oder Steuerfachangestellte\/n<\/p>\n<p>Wir beraten \u00fcberwiegend mittelst\u00e4ndische Mandanten unterschiedlicher Branchen und Rechtsformen<\/p>\n<p>Es erwarten Sie eine freundliches und engagiertes Team sowie eine moderner Arbeitsplatz. Wir bieten Ihnen interne und externe Fortbildungsm\u00f6glichkeiten und legen gro\u00dfen Wert auf ein angenehmes Betriebsklima und pers\u00f6nlichen Kontakt zu unseren Mandanten.<\/p>\n<p>Wir freuen uns auf Ihre Bewerbung per Post oder E-Mail<\/p>\n<\/div><\/div><\/div><\/div><\/div><div class=\"accordian fusion-accordian\" style=\"--awb-border-size:1px;--awb-icon-size:16px;--awb-content-font-size:13px;--awb-icon-alignment:left;--awb-hover-color:#f9f9fb;--awb-border-color:#e2e2e2;--awb-background-color:#ffffff;--awb-divider-color:#e0dede;--awb-divider-hover-color:#e0dede;--awb-icon-color:#ffffff;--awb-title-color:#333333;--awb-content-color:#747474;--awb-icon-box-color:#333333;--awb-toggle-hover-accent-color:#a0ce4e;--awb-title-font-family:Arial, Helvetica, sans-serif;--awb-title-font-weight:400;--awb-title-font-style:normal;--awb-title-font-size:13px;--awb-title-letter-spacing:0px;--awb-title-line-height:1.54;--awb-content-font-family:Arial, Helvetica, sans-serif;--awb-content-font-style:normal;--awb-content-font-weight:400;\"><div class=\"panel-group fusion-toggle-icon-boxed\" id=\"accordion-12115-2\"><div class=\"fusion-panel panel-default panel-b4ecc79deee9eb376 fusion-toggle-no-divider\"><div class=\"panel-heading\"><h4 class=\"panel-title toggle\" id=\"toggle_b4ecc79deee9eb376\"><a aria-expanded=\"false\" aria-controls=\"b4ecc79deee9eb376\" role=\"button\" data-toggle=\"collapse\" data-parent=\"#accordion-12115-2\" data-target=\"#b4ecc79deee9eb376\" href=\"#b4ecc79deee9eb376\"><span class=\"fusion-toggle-icon-wrapper\" aria-hidden=\"true\"><i class=\"fa-fusion-box active-icon awb-icon-minus\" aria-hidden=\"true\"><\/i><i class=\"fa-fusion-box inactive-icon awb-icon-plus\" aria-hidden=\"true\"><\/i><\/span><span class=\"fusion-toggle-heading\">Initiativbewerbung <\/span><\/a><\/h4><\/div><div id=\"b4ecc79deee9eb376\" class=\"panel-collapse collapse \" aria-labelledby=\"toggle_b4ecc79deee9eb376\"><div class=\"panel-body toggle-content fusion-clearfix\">\n<p>Wir freuen uns auf Ihre aussagekr\u00e4ftige <b>Initiativbewerbung\u00a0<\/b>per Post oder E-Mail<\/p>\n<\/div><\/div><\/div><\/div><\/div><div class=\"fusion-sep-clear\"><\/div><div class=\"fusion-separator fusion-full-width-sep\" style=\"margin-left: auto;margin-right: auto;margin-top:60px;width:100%;\"><div class=\"fusion-separator-border sep-single sep-solid\" style=\"--awb-height:20px;--awb-amount:20px;border-color:#e0dede;border-top-width:1px;\"><\/div><\/div><div class=\"fusion-sep-clear\"><\/div><div class=\"fusion-text fusion-text-4\"><p>Adresse:<br \/>\nSK Buchungsservice GmbH &amp; Co KG<br \/>\nDanziger Str. 3<br \/>\n88250 Weingarten<\/p>\n<p>Oder per E-Mail an info@skb-rv.de<\/p>\n<\/div><div class=\"fusion-clearfix\"><\/div><\/div><\/div><\/div><\/div><div class=\"fusion-fullwidth fullwidth-box fusion-builder-row-2 hundred-percent-fullwidth non-hundred-percent-height-scrolling fusion-equal-height-columns\" style=\"--awb-background-position:left top;--awb-border-radius-top-left:0px;--awb-border-radius-top-right:0px;--awb-border-radius-bottom-right:0px;--awb-border-radius-bottom-left:0px;--awb-padding-top:0px;--awb-padding-right:0px;--awb-padding-bottom:0px;--awb-padding-left:0px;--awb-border-sizes-top:0px;--awb-border-sizes-bottom:0px;--awb-flex-wrap:wrap;\" ><div class=\"fusion-builder-row fusion-row\"><div class=\"fusion-layout-column fusion_builder_column fusion-builder-column-2 fusion_builder_column_1_2 1_2 fusion-one-half fusion-column-first\" style=\"--awb-padding-top:6%;--awb-padding-right:6%;--awb-padding-bottom:6%;--awb-padding-left:6%;--awb-bg-color:#ffffff;--awb-bg-color-hover:#ffffff;--awb-bg-size:cover;--awb-margin-bottom:0px;\"><div class=\"fusion-column-wrapper fusion-flex-column-wrapper-legacy\"><div class=\"fusion-clearfix\"><\/div><\/div><\/div><div class=\"fusion-layout-column fusion_builder_column fusion-builder-column-3 fusion_builder_column_1_4 1_4 fusion-one-fourth\" style=\"--awb-padding-top:6%;--awb-padding-right:6%;--awb-padding-bottom:6%;--awb-padding-left:6%;--awb-bg-color:#3697c3;--awb-bg-color-hover:#3697c3;--awb-bg-size:cover;--awb-margin-bottom:0px;\"><div class=\"fusion-column-wrapper fusion-flex-column-wrapper-legacy\"><div class=\"fusion-clearfix\"><\/div><\/div><\/div><div class=\"fusion-layout-column fusion_builder_column fusion-builder-column-4 fusion_builder_column_1_4 1_4 fusion-one-fourth fusion-column-last\" style=\"--awb-padding-top:6%;--awb-padding-right:6%;--awb-padding-bottom:6%;--awb-padding-left:6%;--awb-bg-color:#3bafbf;--awb-bg-color-hover:#3bafbf;--awb-bg-size:cover;--awb-margin-bottom:0px;\"><div class=\"fusion-column-wrapper fusion-flex-column-wrapper-legacy\"><div class=\"fusion-clearfix\"><\/div><\/div><\/div><\/div><\/div><\/p>\n","protected":false},"excerpt":{"rendered":"","protected":false},"author":1,"featured_media":0,"parent":0,"menu_order":0,"comment_status":"closed","ping_status":"closed","template":"100-width.php","meta":{"footnotes":""},"_links":{"self":[{"href":"http:\/\/skb.cranerent.eu\/index.php?rest_route=\/wp\/v2\/pages\/12115"}],"collection":[{"href":"http:\/\/skb.cranerent.eu\/index.php?rest_route=\/wp\/v2\/pages"}],"about":[{"href":"http:\/\/skb.cranerent.eu\/index.php?rest_route=\/wp\/v2\/types\/page"}],"author":[{"embeddable":true,"href":"http:\/\/skb.cranerent.eu\/index.php?rest_route=\/wp\/v2\/users\/1"}],"replies":[{"embeddable":true,"href":"http:\/\/skb.cranerent.eu\/index.php?rest_route=%2Fwp%2Fv2%2Fcomments&post=12115"}],"version-history":[{"count":28,"href":"http:\/\/skb.cranerent.eu\/index.php?rest_route=\/wp\/v2\/pages\/12115\/revisions"}],"predecessor-version":[{"id":12282,"href":"http:\/\/skb.cranerent.eu\/index.php?rest_route=\/wp\/v2\/pages\/12115\/revisions\/12282"}],"wp:attachment":[{"href":"http:\/\/skb.cranerent.eu\/index.php?rest_route=%2Fwp%2Fv2%2Fmedia&parent=12115"}],"curies":[{"name":"wp","href":"https:\/\/api.w.org\/{rel}","templated":true}]}}