{"id":5,"date":"2015-12-14T04:09:47","date_gmt":"2015-12-14T04:09:47","guid":{"rendered":"http:\/\/theme-fusion.com\/avada\/medical\/?page_id=5"},"modified":"2020-04-27T17:51:05","modified_gmt":"2020-04-27T17:51:05","slug":"home","status":"publish","type":"page","link":"http:\/\/skb.cranerent.eu\/","title":{"rendered":"Home"},"content":{"rendered":"<p><div class=\"fusion-fullwidth fullwidth-box fusion-builder-row-1 fusion-parallax-none nonhundred-percent-fullwidth non-hundred-percent-height-scrolling\" style=\"--awb-border-radius-top-left:0px;--awb-border-radius-top-right:0px;--awb-border-radius-bottom-right:0px;--awb-border-radius-bottom-left:0px;--awb-padding-top:14%;--awb-padding-right:5%;--awb-padding-bottom:14%;--awb-padding-left:5%;--awb-background-image:url(&quot;http:\/\/skb.cranerent.eu\/wp-content\/uploads\/2017\/11\/Fotolia_83832951_L-1024x683.jpg&quot;);--awb-background-size:cover;--awb-border-sizes-top:0px;--awb-border-sizes-bottom:0px;--awb-flex-wrap:wrap;\" ><div class=\"fusion-builder-row fusion-row\"><div class=\"fusion-layout-column fusion_builder_column fusion-builder-column-0 fusion_builder_column_1_1 1_1 fusion-one-full fusion-column-first fusion-column-last\" style=\"--awb-bg-color:rgba(186,186,186,0.82);--awb-bg-color-hover:rgba(186,186,186,0.82);--awb-bg-size:cover;\"><div class=\"fusion-column-wrapper fusion-flex-column-wrapper-legacy\"><div class=\"fusion-sep-clear\"><\/div><div class=\"fusion-separator fusion-full-width-sep\" style=\"margin-left: auto;margin-right: auto;margin-top:5px;margin-bottom:10px;width:100%;\"><\/div><div class=\"fusion-sep-clear\"><\/div><div class=\"fusion-text fusion-text-1\"><h2 style=\"text-align: center;\"><span style=\"color: black;\"><\/span> <span style=\"color: #fff;\"> SK Buchungsservice GmbH &amp; Co. KG<\/span><\/h2>\n<p style=\"font-size: 20px; line-height: 21px; text-align: center;\"><span style=\"color: black;\">Ihr kompetenter Partner im Bereich Lohn- und Finanzbuchhaltung im Raum Oberschwaben \/ Bodensee.<\/span><\/p>\n<\/div><div class=\"fusion-sep-clear\"><\/div><div class=\"fusion-separator fusion-full-width-sep\" style=\"margin-left: auto;margin-right: auto;margin-top:15px;margin-bottom:10px;width:100%;\"><\/div><div class=\"fusion-sep-clear\"><\/div><div class=\"fusion-aligncenter\"><a class=\"fusion-button button-flat button-small button-default fusion-button-default button-1 fusion-button-span-no fusion-button-default-type\" target=\"_self\" href=\"http:\/\/skb.cranerent.eu\/leistungen\/\"><span class=\"fusion-button-text\">unsere Leistungen<\/span><\/a><\/div><div class=\"fusion-sep-clear\"><\/div><div class=\"fusion-separator fusion-full-width-sep\" style=\"margin-left: auto;margin-right: auto;margin-top:15px;margin-bottom:10px;width:100%;\"><\/div><div class=\"fusion-sep-clear\"><\/div><div class=\"fusion-clearfix\"><\/div><\/div><\/div><\/div><\/div><div class=\"fusion-fullwidth fullwidth-box fusion-builder-row-2 nonhundred-percent-fullwidth non-hundred-percent-height-scrolling\" style=\"--awb-border-radius-top-left:0px;--awb-border-radius-top-right:0px;--awb-border-radius-bottom-right:0px;--awb-border-radius-bottom-left:0px;--awb-padding-top:20px;--awb-padding-bottom:20px;--awb-background-color:#efefef;--awb-flex-wrap:wrap;\" ><div class=\"fusion-builder-row fusion-row\"><div class=\"fusion-layout-column fusion_builder_column fusion-builder-column-1 fusion_builder_column_1_1 1_1 fusion-one-full fusion-column-first fusion-column-last\" style=\"--awb-bg-size:cover;\"><div class=\"fusion-column-wrapper fusion-flex-column-wrapper-legacy\"><div class=\"fusion-content-boxes content-boxes columns row fusion-columns-1 fusion-columns-total-1 fusion-content-boxes-1 content-boxes-icon-with-title content-left\" style=\"--awb-hover-accent-color:var(--awb-color4);--awb-circle-hover-accent-color:var(--awb-color4);--awb-item-margin-bottom:40px;\" data-animationOffset=\"top-into-view\"><div style=\"--awb-backgroundcolor:transparent;\" class=\"fusion-column content-box-column content-box-column content-box-column-1 col-lg-12 col-md-12 col-sm-12 fusion-content-box-hover content-box-column-last content-box-column-last-in-row\"><div class=\"col content-box-wrapper content-wrapper link-area-link-icon icon-hover-animation-fade\" data-animationOffset=\"top-into-view\"><div class=\"heading icon-left\"><h2 class=\"content-box-heading\" style=\"--h2_typography-font-size:18px;line-height:23px;\">Wir freuen uns, Sie auf unserer Website begr\u00fc\u00dfen zu d\u00fcrfen! <\/h2><\/div><div class=\"fusion-clearfix\"><\/div><div class=\"content-container\">\n<p>Wir f\u00fchren ein Dienstleistungsunternehmen, welches sich auf das Buchen laufender Gesch\u00e4ftsvorf\u00e4lle sowie die laufenden Lohn- und Gehaltsabrechnungen Ihrer Mitarbeiter spezialisiert hat. Unsere T\u00e4tigkeit erfordert ein hohes Fachwissen , welches wir durch permanetes Fortbildung erg\u00e4nzen. Unsere Dienstleistung entspricht \u00a7 6 Nr. 3 u. 4 des Steuerberatergesetzes.<\/p>\n<p>Unser Team ist mit einer Vielzahl von Spezialisten der einzelnen Themengebiete besetzt, und gew\u00e4hrleistet so einen hohen Qualit\u00e4tsstandard und die st\u00e4ndige Aktualisierung des Know how. Dar\u00fcberhinaus sind wir durch diese Organisationsform als Team in der Lage, jeweils zeitnah und kosteng\u00fcnstig Ihre Fragen und Aufgaben bearbeiten zu k\u00f6nnen.<\/p>\n<p>Wir sind ein selbstst\u00e4ndiges Buchf\u00fchrungsb\u00fcro . Wir weisen daraufhin, dass wir keine Steuerberatung i.S. d. Steuerberatungsgesetztes aus\u00fcben. Es erfolgt keine Rechtsberatung i.S.d, Rechtsberatungsgesetzes.<\/p>\n<\/div><\/div><\/div><div class=\"fusion-clearfix\"><\/div><\/div><div class=\"fusion-clearfix\"><\/div><\/div><\/div><\/div><\/div><div class=\"fusion-fullwidth fullwidth-box fusion-builder-row-3 nonhundred-percent-fullwidth non-hundred-percent-height-scrolling\" style=\"--awb-border-radius-top-left:0px;--awb-border-radius-top-right:0px;--awb-border-radius-bottom-right:0px;--awb-border-radius-bottom-left:0px;--awb-flex-wrap:wrap;\" ><div class=\"fusion-builder-row fusion-row\"><div class=\"fusion-layout-column fusion_builder_column fusion-builder-column-2 fusion_builder_column_1_2 1_2 fusion-one-half fusion-column-first\" style=\"--awb-bg-color:#c6c6c6;--awb-bg-color-hover:#c6c6c6;--awb-bg-size:cover;width:50%;width:calc(50% - ( ( 4% ) * 0.5 ) );margin-right: 4%;\"><div class=\"fusion-column-wrapper fusion-flex-column-wrapper-legacy\"><i class=\"fb-icon-element-1 fb-icon-element fontawesome-icon fa-coins fas circle-yes fusion-text-flow\" style=\"--awb-circlebordersize:1px;--awb-font-size:28.16px;--awb-width:56.32px;--awb-height:56.32px;--awb-line-height:54.32px;--awb-margin-right:16px;\"><\/i><div class=\"fusion-modal modal fade modal-1 netto\" tabindex=\"-1\" role=\"dialog\" aria-labelledby=\"modal-heading-1\" aria-hidden=\"true\" style=\"--awb-border-color:#ebebeb;--awb-background:#b7b7b7;\"><div class=\"modal-dialog modal-lg\" role=\"document\"><div class=\"modal-content fusion-modal-content\"><div class=\"modal-header\"><button class=\"close\" type=\"button\" data-dismiss=\"modal\" aria-hidden=\"true\" aria-label=\"Close\">&times;<\/button><h3 class=\"modal-title\" id=\"modal-heading-1\" data-dismiss=\"modal\" aria-hidden=\"true\">Brutto Netto Rechner <\/h3><\/div><div class=\"modal-body fusion-clearfix\">\n<p><iframe src=\"http:\/\/www.brutto-netto-rechner.info\/\" name=\"sprichwort_des_tages\" width=\"95%\" height=\"750px\">Ihr Browser kann leider keine eingebetteten Frames anzeigen:<br \/>\nSie k\u00f6nnen die eingebettete Seite \u00fcber den folgenden<br \/>\nVerweis aufrufen:<br \/>\nhttp:\/\/www.sprichwort-des-tages.de\/zitat.htm&nbsp;<\/p>\n<p><\/iframe><\/p>\n<\/div><\/div><\/div><\/div><a class=\"fusion-modal-text-link\" data-toggle=\"modal\" data-target=\".fusion-modal.netto\" href=\"#\">Brutto Netto Rechner<\/a><div class=\"fusion-clearfix\"><\/div><\/div><\/div><div class=\"fusion-layout-column fusion_builder_column fusion-builder-column-3 fusion_builder_column_1_2 1_2 fusion-one-half fusion-column-last fusion-no-small-visibility fusion-animated\" style=\"--awb-padding-top:9%;--awb-padding-right:7%;--awb-padding-bottom:9%;--awb-padding-left:7%;--awb-bg-color:#4575b7;--awb-bg-color-hover:#4575b7;--awb-bg-size:cover;width:50%;width:calc(50% - ( ( 4% ) * 0.5 ) );\" data-animationType=\"fadeInUp\" data-animationDuration=\"0.2\" data-animationOffset=\"top-into-view\"><div class=\"fusion-column-wrapper fusion-column-has-shadow fusion-flex-column-wrapper-legacy\"><div class=\"fusion-title title fusion-title-1 fusion-sep-none fusion-title-center fusion-title-text fusion-title-size-three\"><h3 class=\"fusion-title-heading title-heading-center\" style=\"margin:0;\"><span style=\"color: #ffffff;\"><i class=\"fa fa-clock-o\"><\/i> \u00d6ffnungszeiten<\/span><\/h3><\/div><div class=\"fusion-sep-clear\"><\/div><div class=\"fusion-separator fusion-full-width-sep\" style=\"margin-left: auto;margin-right: auto;margin-top:5px;margin-bottom:25px;width:100%;\"><div class=\"fusion-separator-border sep-single sep-solid\" style=\"--awb-height:20px;--awb-amount:20px;--awb-sep-color:#000000;border-color:#000000;border-top-width:2px;\"><\/div><\/div><div class=\"fusion-sep-clear\"><\/div><div class=\"fusion-text fusion-text-2\"><div class=\"table-2\">\n<table width=\"100%\">\n<tbody>\n<tr>\n<td style=\"text-align: center;\"><span style=\"color: #ffffff;\"><strong>Montag- Donnerstag: 08:00 &#8211; 12:00 \/ 14:00 -17:00<\/strong><\/span><\/td>\n<\/tr>\n<tr>\n<td style=\"text-align: center;\"><span style=\"color: #ffffff;\"><strong>Freitag: 08:00 &#8211; 12:00<\/strong><\/span><\/td>\n<\/tr>\n<\/tbody>\n<\/table>\n<\/div>\n<\/div><div class=\"fusion-sep-clear\"><\/div><div class=\"fusion-separator fusion-full-width-sep\" style=\"margin-left: auto;margin-right: auto;margin-top:10px;margin-bottom:10px;width:100%;\"><\/div><div class=\"fusion-sep-clear\"><\/div><div class=\"fusion-title title fusion-title-2 fusion-sep-none fusion-title-center fusion-title-text fusion-title-size-three\"><h3 class=\"fusion-title-heading title-heading-center\" style=\"margin:0;\"><span style=\"color: #ffffff;\"><i class=\"fa fa-phone\"><\/i> \u00a0+49(0) 751 9770466<\/span><\/h3><\/div><div class=\"fusion-clearfix\"><\/div><\/div><\/div><\/div><\/div><\/p>\n","protected":false},"excerpt":{"rendered":"","protected":false},"author":1,"featured_media":0,"parent":0,"menu_order":0,"comment_status":"closed","ping_status":"closed","template":"100-width.php","meta":{"footnotes":""},"_links":{"self":[{"href":"http:\/\/skb.cranerent.eu\/index.php?rest_route=\/wp\/v2\/pages\/5"}],"collection":[{"href":"http:\/\/skb.cranerent.eu\/index.php?rest_route=\/wp\/v2\/pages"}],"about":[{"href":"http:\/\/skb.cranerent.eu\/index.php?rest_route=\/wp\/v2\/types\/page"}],"author":[{"embeddable":true,"href":"http:\/\/skb.cranerent.eu\/index.php?rest_route=\/wp\/v2\/users\/1"}],"replies":[{"embeddable":true,"href":"http:\/\/skb.cranerent.eu\/index.php?rest_route=%2Fwp%2Fv2%2Fcomments&post=5"}],"version-history":[{"count":85,"href":"http:\/\/skb.cranerent.eu\/index.php?rest_route=\/wp\/v2\/pages\/5\/revisions"}],"predecessor-version":[{"id":12273,"href":"http:\/\/skb.cranerent.eu\/index.php?rest_route=\/wp\/v2\/pages\/5\/revisions\/12273"}],"wp:attachment":[{"href":"http:\/\/skb.cranerent.eu\/index.php?rest_route=%2Fwp%2Fv2%2Fmedia&parent=5"}],"curies":[{"name":"wp","href":"https:\/\/api.w.org\/{rel}","templated":true}]}}